{"id":161,"date":"2021-05-04T19:48:33","date_gmt":"2021-05-04T17:48:33","guid":{"rendered":"https:\/\/www.linealp.fr\/?page_id=161"},"modified":"2021-05-10T09:47:29","modified_gmt":"2021-05-10T07:47:29","slug":"presentation","status":"publish","type":"page","link":"https:\/\/www.linealp.fr\/?page_id=161","title":{"rendered":"Pr\u00e9sentation"},"content":{"rendered":"\n<h3 class=\"has-text-align-center wp-block-heading\"><a href=\"#notre-histoire\" data-type=\"internal\" data-id=\"#notre-histoire\">NOTRE HISTOIRE<\/a><\/h3>\n\n\n\n<div class=\"wp-block-image is-style-default\"><figure class=\"aligncenter size-large\"><img loading=\"lazy\" decoding=\"async\" width=\"1024\" height=\"417\" src=\"https:\/\/www.linealp.fr\/wp-content\/uploads\/2021\/05\/DECOR-MONTAGNES-HAUTE-SAVOIE-12-1024x417.jpg\" alt=\"\" class=\"wp-image-482\" title=\"soleil levant sur les montagnes haute-savoie design \" srcset=\"https:\/\/www.linealp.fr\/wp-content\/uploads\/2021\/05\/DECOR-MONTAGNES-HAUTE-SAVOIE-12-1024x417.jpg 1024w, https:\/\/www.linealp.fr\/wp-content\/uploads\/2021\/05\/DECOR-MONTAGNES-HAUTE-SAVOIE-12-300x122.jpg 300w, https:\/\/www.linealp.fr\/wp-content\/uploads\/2021\/05\/DECOR-MONTAGNES-HAUTE-SAVOIE-12-768x313.jpg 768w, https:\/\/www.linealp.fr\/wp-content\/uploads\/2021\/05\/DECOR-MONTAGNES-HAUTE-SAVOIE-12.jpg 1276w\" sizes=\"auto, (max-width: 1024px) 100vw, 1024px\" \/><\/figure><\/div>\n\n\n\n<p class=\"has-text-align-left has-text-color\" style=\"color:#7c7c7c\">Par un matin d&rsquo;automne, en voyant le lever du soleil sur la montagne, nous sommes rest\u00e9s en admiration devant cette ligne dessin\u00e9e par les rayons du soleil sur les sommets. L&rsquo;id\u00e9e \u00e9tait l\u00e0 !<\/p>\n\n\n\n<p class=\"has-text-align-left has-text-color\" style=\"color:#7c7c7c\">La marque lin\u00e9alp\u00a9 est n\u00e9e de cette envie de mettre en valeur les merveilleux paysages de la Haute-Savoie en alliant la photographie et le graphisme. \u00c9crire avec la lumi\u00e8re des vues extraordinaires devenant des objets durables de d\u00e9coration int\u00e9rieure et racontant une histoire.<\/p>\n\n\n\n<p class=\"has-text-align-left has-text-color\" style=\"color:#7c7c7c\">De la photographie \u00e0 la livraison en passant par les fournitures, la d\u00e9coupe, le montage, toute la fabrication est locale pour pr\u00e9server les savoir-faire de la Haute-Savoie et pour la r\u00e9duction des \u00e9missions de gaz \u00e0 effets de serre. La marque lin\u00e9alp\u00a9 s&rsquo;inscrit dans une d\u00e9marche de pertinence du local \u00e0 impact positif.<\/p>\n\n\n\n<p class=\"has-text-align-left has-text-color\" style=\"color:#7c7c7c\">Dessin\u00e9s et fabriqu\u00e9s en Haute-Savoie, les partenaires professionnels de lin\u00e9alp\u00a9 sont attach\u00e9s \u00e0 la qualit\u00e9 et au rayonnement de la fabrication fran\u00e7aise. L&rsquo;aventure de cette nouvelle \u00e8re de la d\u00e9coration int\u00e9rieure haut de gamme en Haute-Savoie, \u00e0 travers des valeurs de noblesse des mat\u00e9riaux, qualit\u00e9 des finitions et relations humaines, ouvre le champ des possibles \u00e0 la cr\u00e9ativit\u00e9.<br><br><\/p>\n","protected":false},"excerpt":{"rendered":"<p>NOTRE HISTOIRE Par un matin d&rsquo;automne, en voyant le lever du soleil sur la montagne, nous sommes rest\u00e9s en admiration devant cette ligne dessin\u00e9e par les rayons du soleil sur les sommets. L&rsquo;id\u00e9e \u00e9tait l\u00e0 ! La marque lin\u00e9alp\u00a9 est n\u00e9e de cette envie de mettre en valeur les merveilleux paysages de la Haute-Savoie en&hellip; <br \/> <a class=\"read-more\" href=\"https:\/\/www.linealp.fr\/?page_id=161\">Lire la suite<\/a><\/p>\n","protected":false},"author":1,"featured_media":0,"parent":0,"menu_order":0,"comment_status":"closed","ping_status":"closed","template":"page-templates\/homepage.php","meta":{"footnotes":""},"class_list":["post-161","page","type-page","status-publish","hentry"],"_links":{"self":[{"href":"https:\/\/www.linealp.fr\/index.php?rest_route=\/wp\/v2\/pages\/161","targetHints":{"allow":["GET"]}}],"collection":[{"href":"https:\/\/www.linealp.fr\/index.php?rest_route=\/wp\/v2\/pages"}],"about":[{"href":"https:\/\/www.linealp.fr\/index.php?rest_route=\/wp\/v2\/types\/page"}],"author":[{"embeddable":true,"href":"https:\/\/www.linealp.fr\/index.php?rest_route=\/wp\/v2\/users\/1"}],"replies":[{"embeddable":true,"href":"https:\/\/www.linealp.fr\/index.php?rest_route=%2Fwp%2Fv2%2Fcomments&post=161"}],"version-history":[{"count":23,"href":"https:\/\/www.linealp.fr\/index.php?rest_route=\/wp\/v2\/pages\/161\/revisions"}],"predecessor-version":[{"id":623,"href":"https:\/\/www.linealp.fr\/index.php?rest_route=\/wp\/v2\/pages\/161\/revisions\/623"}],"wp:attachment":[{"href":"https:\/\/www.linealp.fr\/index.php?rest_route=%2Fwp%2Fv2%2Fmedia&parent=161"}],"curies":[{"name":"wp","href":"https:\/\/api.w.org\/{rel}","templated":true}]}}