{"id":162,"date":"2021-05-04T19:48:33","date_gmt":"2021-05-04T17:48:33","guid":{"rendered":"https:\/\/www.linealp.fr\/?page_id=162"},"modified":"2024-06-10T12:16:13","modified_gmt":"2024-06-10T10:16:13","slug":"nos-luminaires","status":"publish","type":"page","link":"https:\/\/www.linealp.fr\/?page_id=162","title":{"rendered":"Nos luminaires"},"content":{"rendered":"\n<h2 class=\"wp-block-heading has-text-align-center\" id=\"jen-veux-un\">Nos luminaires<\/h2>\n\n\n\n<div class=\"wp-block-columns is-layout-flex wp-container-core-columns-is-layout-9d6595d7 wp-block-columns-is-layout-flex\">\n<div class=\"wp-block-column is-layout-flow wp-block-column-is-layout-flow\">\n<figure class=\"wp-block-image size-large\"><img loading=\"lazy\" decoding=\"async\" width=\"1024\" height=\"443\" src=\"https:\/\/www.linealp.fr\/wp-content\/uploads\/2021\/05\/LINEALP-TABLEAU-ACIER-NOIR-FOND-BLANC-LA-CLUSAZ-HAUTE-SAVOIE_1980_3-1-1024x443.jpg\" alt=\"La Clusaz ACIER peint 120 cm - \u00e0 partir de 760\u20ac\" class=\"wp-image-498\" srcset=\"https:\/\/www.linealp.fr\/wp-content\/uploads\/2021\/05\/LINEALP-TABLEAU-ACIER-NOIR-FOND-BLANC-LA-CLUSAZ-HAUTE-SAVOIE_1980_3-1-1024x443.jpg 1024w, https:\/\/www.linealp.fr\/wp-content\/uploads\/2021\/05\/LINEALP-TABLEAU-ACIER-NOIR-FOND-BLANC-LA-CLUSAZ-HAUTE-SAVOIE_1980_3-1-300x130.jpg 300w, https:\/\/www.linealp.fr\/wp-content\/uploads\/2021\/05\/LINEALP-TABLEAU-ACIER-NOIR-FOND-BLANC-LA-CLUSAZ-HAUTE-SAVOIE_1980_3-1-768x332.jpg 768w, https:\/\/www.linealp.fr\/wp-content\/uploads\/2021\/05\/LINEALP-TABLEAU-ACIER-NOIR-FOND-BLANC-LA-CLUSAZ-HAUTE-SAVOIE_1980_3-1-1536x665.jpg 1536w, https:\/\/www.linealp.fr\/wp-content\/uploads\/2021\/05\/LINEALP-TABLEAU-ACIER-NOIR-FOND-BLANC-LA-CLUSAZ-HAUTE-SAVOIE_1980_3-1-1920x831.jpg 1920w, https:\/\/www.linealp.fr\/wp-content\/uploads\/2021\/05\/LINEALP-TABLEAU-ACIER-NOIR-FOND-BLANC-LA-CLUSAZ-HAUTE-SAVOIE_1980_3-1.jpg 1980w\" sizes=\"auto, (max-width: 1024px) 100vw, 1024px\" \/><\/figure>\n\n\n\n<p class=\"has-text-align-center has-text-color\" style=\"color:#000000ba;font-size:14px\"><strong><strong>La Clusaz ACIER peint noir 120 cm<\/strong><\/strong><br><\/p>\n<\/div>\n\n\n\n<div class=\"wp-block-column is-layout-flow wp-block-column-is-layout-flow\">\n<div style=\"height:100px\" aria-hidden=\"true\" class=\"wp-block-spacer\"><\/div>\n\n\n\n<p class=\"has-text-align-center has-text-color\" style=\"color:#000000ba;font-size:14px\"><strong><strong>La Clusaz  INOX 120 cm<\/strong><\/strong><\/p>\n\n\n\n<figure class=\"wp-block-image size-large\"><img loading=\"lazy\" decoding=\"async\" width=\"1024\" height=\"443\" src=\"https:\/\/www.linealp.fr\/wp-content\/uploads\/2021\/05\/LINEALP-TABLEAU-INOX-FOND-BLANC-LA-CLUSAZ-HAUTE-SAVOIE_1980_3-1024x443.jpg\" alt=\"\" class=\"wp-image-499\" srcset=\"https:\/\/www.linealp.fr\/wp-content\/uploads\/2021\/05\/LINEALP-TABLEAU-INOX-FOND-BLANC-LA-CLUSAZ-HAUTE-SAVOIE_1980_3-1024x443.jpg 1024w, https:\/\/www.linealp.fr\/wp-content\/uploads\/2021\/05\/LINEALP-TABLEAU-INOX-FOND-BLANC-LA-CLUSAZ-HAUTE-SAVOIE_1980_3-300x130.jpg 300w, https:\/\/www.linealp.fr\/wp-content\/uploads\/2021\/05\/LINEALP-TABLEAU-INOX-FOND-BLANC-LA-CLUSAZ-HAUTE-SAVOIE_1980_3-768x332.jpg 768w, https:\/\/www.linealp.fr\/wp-content\/uploads\/2021\/05\/LINEALP-TABLEAU-INOX-FOND-BLANC-LA-CLUSAZ-HAUTE-SAVOIE_1980_3-1536x665.jpg 1536w, https:\/\/www.linealp.fr\/wp-content\/uploads\/2021\/05\/LINEALP-TABLEAU-INOX-FOND-BLANC-LA-CLUSAZ-HAUTE-SAVOIE_1980_3-1920x831.jpg 1920w, https:\/\/www.linealp.fr\/wp-content\/uploads\/2021\/05\/LINEALP-TABLEAU-INOX-FOND-BLANC-LA-CLUSAZ-HAUTE-SAVOIE_1980_3.jpg 1980w\" sizes=\"auto, (max-width: 1024px) 100vw, 1024px\" \/><\/figure>\n<\/div>\n<\/div>\n\n\n\n<div class=\"wp-block-columns is-layout-flex wp-container-core-columns-is-layout-9d6595d7 wp-block-columns-is-layout-flex\">\n<div class=\"wp-block-column is-layout-flow wp-block-column-is-layout-flow\" style=\"flex-basis:100%\"><\/div>\n<\/div>\n\n\n\n<p class=\"has-text-color\" style=\"color:#7c7c7c\">Offrir ou s&rsquo;offrir votre vue extraordinaire, une rencontre, un souvenir&#8230; nous nous adaptons \u00e0 vos r\u00eaves.<br>Prenez <a href=\"https:\/\/www.linealp.fr\/#contact-1\" data-type=\"URL\" data-id=\"https:\/\/www.linealp.fr\/#contact-1\" target=\"_blank\" rel=\"noreferrer noopener\">contact<\/a> avec nous pour plus d&rsquo;informations ou \u00e9tablir un devis pour une vue personnalis\u00e9e.                       <br><br>                    <\/p>\n\n\n\n<h2 class=\"wp-block-heading has-text-align-center\" id=\"qualite-et-finitions\"><a href=\"#qualite-et-finitions\" data-type=\"internal\" data-id=\"#qualite-et-finitions\">Qualit\u00e9 &amp; finitions<\/a><\/h2>\n\n\n\n<div class=\"wp-block-columns is-layout-flex wp-container-core-columns-is-layout-9d6595d7 wp-block-columns-is-layout-flex\">\n<div class=\"wp-block-column is-layout-flow wp-block-column-is-layout-flow\" style=\"flex-basis:100%\">\n<figure class=\"wp-block-gallery has-nested-images columns-default is-cropped wp-block-gallery-1 is-layout-flex wp-block-gallery-is-layout-flex\">\n<figure class=\"wp-block-image size-large\"><img loading=\"lazy\" decoding=\"async\" width=\"865\" height=\"897\" data-id=\"190\" src=\"https:\/\/www.linealp.fr\/wp-content\/uploads\/2021\/05\/cropped-LINEALP-TABLEAU-ACIER-NOIR-MONTAGE-SALON-3-carre-LA-CLUSAZ-HAUTE-SAVOIE_1980_1.jpg\" alt=\"\" class=\"wp-image-190\" srcset=\"https:\/\/www.linealp.fr\/wp-content\/uploads\/2021\/05\/cropped-LINEALP-TABLEAU-ACIER-NOIR-MONTAGE-SALON-3-carre-LA-CLUSAZ-HAUTE-SAVOIE_1980_1.jpg 865w, https:\/\/www.linealp.fr\/wp-content\/uploads\/2021\/05\/cropped-LINEALP-TABLEAU-ACIER-NOIR-MONTAGE-SALON-3-carre-LA-CLUSAZ-HAUTE-SAVOIE_1980_1-289x300.jpg 289w, https:\/\/www.linealp.fr\/wp-content\/uploads\/2021\/05\/cropped-LINEALP-TABLEAU-ACIER-NOIR-MONTAGE-SALON-3-carre-LA-CLUSAZ-HAUTE-SAVOIE_1980_1-768x796.jpg 768w\" sizes=\"auto, (max-width: 865px) 100vw, 865px\" \/><\/figure>\n\n\n\n<figure class=\"wp-block-image size-large\"><img loading=\"lazy\" decoding=\"async\" width=\"1024\" height=\"681\" data-id=\"422\" src=\"https:\/\/www.linealp.fr\/wp-content\/uploads\/2021\/05\/cropped-PLAQUE-LINEALP-SIGNATURE-MONTAGNES-HAUTE-SAVOIE-1_1980_1-scaled-2-1024x681.jpg\" alt=\"\" class=\"wp-image-422\" srcset=\"https:\/\/www.linealp.fr\/wp-content\/uploads\/2021\/05\/cropped-PLAQUE-LINEALP-SIGNATURE-MONTAGNES-HAUTE-SAVOIE-1_1980_1-scaled-2-1024x681.jpg 1024w, https:\/\/www.linealp.fr\/wp-content\/uploads\/2021\/05\/cropped-PLAQUE-LINEALP-SIGNATURE-MONTAGNES-HAUTE-SAVOIE-1_1980_1-scaled-2-300x199.jpg 300w, https:\/\/www.linealp.fr\/wp-content\/uploads\/2021\/05\/cropped-PLAQUE-LINEALP-SIGNATURE-MONTAGNES-HAUTE-SAVOIE-1_1980_1-scaled-2-768x511.jpg 768w, https:\/\/www.linealp.fr\/wp-content\/uploads\/2021\/05\/cropped-PLAQUE-LINEALP-SIGNATURE-MONTAGNES-HAUTE-SAVOIE-1_1980_1-scaled-2-1536x1021.jpg 1536w, https:\/\/www.linealp.fr\/wp-content\/uploads\/2021\/05\/cropped-PLAQUE-LINEALP-SIGNATURE-MONTAGNES-HAUTE-SAVOIE-1_1980_1-scaled-2-1624x1080.jpg 1624w, https:\/\/www.linealp.fr\/wp-content\/uploads\/2021\/05\/cropped-PLAQUE-LINEALP-SIGNATURE-MONTAGNES-HAUTE-SAVOIE-1_1980_1-scaled-2.jpg 1707w\" sizes=\"auto, (max-width: 1024px) 100vw, 1024px\" \/><\/figure>\n\n\n\n<figure class=\"wp-block-image size-large\"><img loading=\"lazy\" decoding=\"async\" width=\"1024\" height=\"1024\" data-id=\"18\" src=\"https:\/\/www.linealp.fr\/wp-content\/uploads\/2021\/05\/LINEALP-TABLEAU-ACIER-NOIR-FOND-BLANC-3x1-b_1980_1-1024x1024.jpg\" alt=\"\" class=\"wp-image-18\" srcset=\"https:\/\/www.linealp.fr\/wp-content\/uploads\/2021\/05\/LINEALP-TABLEAU-ACIER-NOIR-FOND-BLANC-3x1-b_1980_1-1024x1024.jpg 1024w, https:\/\/www.linealp.fr\/wp-content\/uploads\/2021\/05\/LINEALP-TABLEAU-ACIER-NOIR-FOND-BLANC-3x1-b_1980_1-300x300.jpg 300w, https:\/\/www.linealp.fr\/wp-content\/uploads\/2021\/05\/LINEALP-TABLEAU-ACIER-NOIR-FOND-BLANC-3x1-b_1980_1-150x150.jpg 150w, https:\/\/www.linealp.fr\/wp-content\/uploads\/2021\/05\/LINEALP-TABLEAU-ACIER-NOIR-FOND-BLANC-3x1-b_1980_1-768x768.jpg 768w, https:\/\/www.linealp.fr\/wp-content\/uploads\/2021\/05\/LINEALP-TABLEAU-ACIER-NOIR-FOND-BLANC-3x1-b_1980_1-1536x1536.jpg 1536w, https:\/\/www.linealp.fr\/wp-content\/uploads\/2021\/05\/LINEALP-TABLEAU-ACIER-NOIR-FOND-BLANC-3x1-b_1980_1.jpg 1980w\" sizes=\"auto, (max-width: 1024px) 100vw, 1024px\" \/><\/figure>\n<\/figure>\n\n\n\n<p class=\"has-text-color\" style=\"color:#7c7c7c\">Dessin\u00e9s et fabriqu\u00e9s en Haute-Savoie, les partenaires professionnels de lin\u00e9alp\u00a9 sont attach\u00e9s \u00e0 la qualit\u00e9 et au rayonnement de la fabrication fran\u00e7aise. L&rsquo;aventure de cette nouvelle \u00e8re de la d\u00e9coration int\u00e9rieure haut de gamme en Haute-Savoie est servie par la volont\u00e9 du made in France.<br><br>Ils sont \u00e9quip\u00e9s de bandeaux LED couleurs ou couleurs + blanc \u00e0 t\u00e9l\u00e9commande \u00ab\u00a0radio\u00a0\u00bb qui vous apportera un grand confort d&rsquo;utilisation.<br><br>L&rsquo;encadrement est en ch\u00eane clair pour les mod\u00e8les en inox et teint\u00e9 plus sombre pour les mod\u00e8les en acier. Nos partenaires ont un \u00e9ventail de choix pour l&rsquo;encadrement permettant une int\u00e9gration parfaite dans votre environnement.<br><br>Les tableaux lin\u00e9alp\u00a9 peuvent \u00eatre accroch\u00e9s au mur ou \u00eatre pos\u00e9s sur un meuble \u00e0 l&rsquo;aide de supports sp\u00e9cialement con\u00e7us pour les accueillir.<\/p>\n<\/div>\n<\/div>\n\n\n\n<p class=\"has-text-color\" style=\"color:#7c7c7c\">Lin\u00e9alp est la marque de d\u00e9coration int\u00e9rieure Haut de gamme qui cr\u00e9e des objets responsables, du plaisir visuel, aussi personnalisables que sobres pour sublimer votre int\u00e9rieur. Les mati\u00e8res sont nobles, durables et r\u00e9pondent \u00e0 nos exigences pour proposer une gamme de qualit\u00e9.<\/p>\n","protected":false},"excerpt":{"rendered":"<p>Nos luminaires La Clusaz ACIER peint noir 120 cm La Clusaz INOX 120 cm Offrir ou s&rsquo;offrir votre vue extraordinaire, une rencontre, un souvenir&#8230; nous nous adaptons \u00e0 vos r\u00eaves.Prenez contact avec nous pour plus d&rsquo;informations ou \u00e9tablir un devis pour une vue personnalis\u00e9e. Qualit\u00e9 &amp; finitions Dessin\u00e9s et fabriqu\u00e9s en Haute-Savoie, les partenaires professionnels&hellip; <br \/> <a class=\"read-more\" href=\"https:\/\/www.linealp.fr\/?page_id=162\">Lire la suite<\/a><\/p>\n","protected":false},"author":1,"featured_media":0,"parent":0,"menu_order":0,"comment_status":"closed","ping_status":"closed","template":"page-templates\/homepage.php","meta":{"footnotes":""},"class_list":["post-162","page","type-page","status-publish","hentry"],"_links":{"self":[{"href":"https:\/\/www.linealp.fr\/index.php?rest_route=\/wp\/v2\/pages\/162","targetHints":{"allow":["GET"]}}],"collection":[{"href":"https:\/\/www.linealp.fr\/index.php?rest_route=\/wp\/v2\/pages"}],"about":[{"href":"https:\/\/www.linealp.fr\/index.php?rest_route=\/wp\/v2\/types\/page"}],"author":[{"embeddable":true,"href":"https:\/\/www.linealp.fr\/index.php?rest_route=\/wp\/v2\/users\/1"}],"replies":[{"embeddable":true,"href":"https:\/\/www.linealp.fr\/index.php?rest_route=%2Fwp%2Fv2%2Fcomments&post=162"}],"version-history":[{"count":41,"href":"https:\/\/www.linealp.fr\/index.php?rest_route=\/wp\/v2\/pages\/162\/revisions"}],"predecessor-version":[{"id":652,"href":"https:\/\/www.linealp.fr\/index.php?rest_route=\/wp\/v2\/pages\/162\/revisions\/652"}],"wp:attachment":[{"href":"https:\/\/www.linealp.fr\/index.php?rest_route=%2Fwp%2Fv2%2Fmedia&parent=162"}],"curies":[{"name":"wp","href":"https:\/\/api.w.org\/{rel}","templated":true}]}}