{"id":412,"date":"2021-05-06T12:08:51","date_gmt":"2021-05-06T10:08:51","guid":{"rendered":"https:\/\/www.linealp.fr\/?page_id=412"},"modified":"2024-04-02T16:41:42","modified_gmt":"2024-04-02T14:41:42","slug":"mesmerize","status":"publish","type":"page","link":"https:\/\/www.linealp.fr\/","title":{"rendered":"Front Page"},"content":{"rendered":"<div  data-label=\"Overlappable\" data-id=\"overlappable--1\" data-export-id=\"overlappable-4\" data-category=\"overlappable\" class=\"overlappable-4 content-section content-section-spacing\" data-overlap=\"true\" id=\"overlappable-1\" style=\"background-color: rgb(255, 255, 255);\"><div  class=\"\"> <div  data-type=\"row\" class=\"row spaced-cols text-center center-sm\"><div  class=\"col-xs-12 col-sm-4 col-padding\"> <a  data-cp-link=\"1\" href=\"#\"><i  class=\"fa icon shadow-large-black aligncenter color1 fa-magic\"><\/i><\/a> <div  data-type=\"column\" class=\"\"><h5  class=\"\">NOTRE HISTOIRE<\/h5> <p  class=\"\">La marque lin\u00e9alp\u00a9 est n\u00e9e de cette envie de mettre en valeur les merveilleux paysages de la Haute-Savoie<\/p><a class=\"link\" href=\"https:\/\/www.linealp.fr?page_id=161#notre-histoire\" target=\"_self\" data-cp-link=\"1\" rel=\"noopener\">la suite\u2026<\/a><\/div> <\/div><div  class=\"col-xs-12 col-sm-4 col-padding\"> <i  class=\"fa icon shadow-large-black aligncenter color1 fa-handshake-o\"><\/i> <div  data-type=\"column\" class=\"\"> <h5  class=\"\">PARTENAIRES LOCAUX<\/h5> <p  class=\"\">Dessin\u00e9 et fabriqu\u00e9 en Haute-Savoie, les partenaires professionnels de lin\u00e9alp\u00a9 sont attach\u00e9s \u00e0 la qualit\u00e9 et au rayonnement de la fabrication fran\u00e7aise. Nos partenaires de d\u00e9coupe, de bois et de bandeaux led proposent une palette de mati\u00e8res pour personnaliser votre tableau. <\/p><a class=\"link\" href=\"https:\/\/www.linealp.fr\/#contact-1\" target=\"_self\" data-cp-link=\"1\" rel=\"noopener\">Devis personnalis\u00e9<\/a><\/div> <\/div><div  class=\"col-xs-12 col-sm-4 col-padding\"> <i  class=\"fa icon shadow-large-black aligncenter color1 fa-angle-double-up\"><\/i> <div  data-type=\"column\" class=\"\"><h5  class=\"\">EXPERTISE<\/h5> <p  class=\"\">Les mati\u00e8res sont nobles, durables et r\u00e9pondent \u00e0 nos exigences pour proposer une gamme de qualit\u00e9.<\/p><a class=\"link\" href=\"https:\/\/www.linealp.fr?page_id=162#qualite-et-finitions\" target=\"_self\" data-cp-link=\"1\" rel=\"noopener\">la suite\u2026<\/a><\/div> <\/div>  <\/div> <\/div><\/div><div  data-label=\"About\" data-id=\"about--1\" data-export-id=\"about-1\" data-category=\"about\" class=\"about-1 content-section\" id=\"about-1\" style=\"background-color: rgb(255, 255, 255); background-image: none;\"><div  class=\"\"> <div  class=\"row text-center\"><div  class=\"section-title-col\" data-type=\"column\">  <h2  class=\"\">La montagne chez vous <\/h2> <p  class=\"lead\">Offrir ou s\u2019offrir votre vue extraordinaire, une rencontre, un souvenir\u2026 Nous nous adaptons \u00e0 vos r\u00eaves.\n<\/p><\/div> <\/div> <div  class=\"row\"> <div  class=\"button-holder space-bottom space-bottom-small\" data-type=\"column\"> <a class=\"button color1\" href=\"https:\/\/www.linealp.fr?page_id=162#jen-veux-un\" target=\"_self\" data-cp-link=\"1\" rel=\"noopener\">J\u2019EN VEUX UN !<\/a><\/div> <div  class=\"col-xs bottom-xs flexbox image-group-bottom-3-img space-bottom-xs center-xs\"> <img decoding=\"async\"  class=\"left-img shadow-large-black\" data-size=\"500x300\" src=\"https:\/\/www.linealp.fr\/wp-content\/uploads\/2021\/05\/cropped-cropped-LINEALP-TABLEAU-ACIER-NOIR-MONTAGE-SALON-4-carre\u0301-LA-CLUSAZ-HAUTE-SAVOIE_1980_1-1-2.jpg\" title=\"cropped-cropped-LINEALP-TABLEAU-ACIER-NOIR-MONTAGE-SALON-4-carre\u0301-LA-CLUSAZ-HAUTE-SAVOIE_1980_1-1-2.jpg\" alt=\"\"> <img decoding=\"async\"  class=\"center-img shadow-large-black\" data-size=\"500x300\" src=\"https:\/\/www.linealp.fr\/wp-content\/uploads\/2021\/05\/cropped-cropped-cropped-cropped-LINEALP-TABLEAU-ACIER-NOIR-MONTAGE-CHAMBRE-2_16-9-LA-CLUSAZ-HAUTE-SAVOIE_1980_1.jpg\" title=\"cropped-cropped-cropped-cropped-LINEALP-TABLEAU-ACIER-NOIR-MONTAGE-CHAMBRE-2_16-9-LA-CLUSAZ-HAUTE-SAVOIE_1980_1.jpg\" alt=\"\"> <img decoding=\"async\"  class=\"right-img shadow-large-black\" data-size=\"500x300\" src=\"https:\/\/www.linealp.fr\/wp-content\/uploads\/2021\/05\/cropped-LINEALP-TABLEAU-ACIER-NOIR-MONTAGE-SALON-2-carre-LA-CLUSAZ-HAUTE-SAVOIE_1980_1.jpg\" title=\"cropped-LINEALP-TABLEAU-ACIER-NOIR-MONTAGE-SALON-2-carre-LA-CLUSAZ-HAUTE-SAVOIE_1980_1.jpg\" alt=\"\"><\/div> <\/div><\/div> <\/div><div  data-label=\"Content\" data-id=\"content--1\" data-export-id=\"content-7\" data-category=\"content\" class=\"content-7 content-section content-section-spacing\" id=\"content-1\" style=\"background-color: rgb(255, 255, 255);\"><div  class=\"gridContainer\"> <div  class=\"row middle-sm\"><div  class=\"col-sm-6 space-bottom-xs\" data-type=\"column\"> <h2  class=\"\">Qualit\u00e9 &amp; finitions<\/h2> <p  class=\"\">Lin\u00e9alp est la marque de d\u00e9coration int\u00e9rieure Haut de gamme qui cr\u00e9e des objets responsables, du plaisir visuel, aussi personnalisables que sobres et sublimant votre int\u00e9rieur. Les mati\u00e8res sont nobles et durables. <\/p> <a class=\"button color1\" href=\"https:\/\/www.linealp.fr?page_id=162#qualite-et-finitions\" target=\"_self\" data-cp-link=\"1\" rel=\"noopener\">la suite\u2026<\/a><\/div> <div  class=\"col-sm-6\" data-type=\"column\"> <img decoding=\"async\"  class=\"shadow-large\" src=\"https:\/\/www.linealp.fr\/wp-content\/uploads\/2021\/05\/cropped-PLAQUE-LINEALP-SIGNATURE-MONTAGNES-HAUTE-SAVOIE-1_1980_1-scaled-2.jpg\" title=\"cropped-PLAQUE-LINEALP-SIGNATURE-MONTAGNES-HAUTE-SAVOIE-1_1980_1-scaled-2.jpg\" alt=\"\"><\/div> <\/div><\/div> <\/div><div  data-label=\"Portfolio\" data-id=\"portfolio--1\" data-export-id=\"portfolio-4\" data-category=\"portfolio\" class=\"portfolio-4 content-section content-section-spacing-top\" id=\"portfolio-1\" style=\"background-color: rgb(255, 255, 255); background-image: none;\"><div  class=\"gridContainer\"> <div  class=\"row text-center\"><div  class=\"section-title-col\" data-type=\"column\"> <h2  class=\"\">Nos r\u00e9alisations<\/h2> <p  class=\"lead\">lin\u00e9alp\u00a9 s\u2019adapte \u00e0 vos int\u00e9rieurs<\/p><a class=\"link\" href=\"https:\/\/www.linealp.fr?page_id=437\" target=\"_self\" data-cp-link=\"1\" rel=\"noopener\">la suite\u2026<\/a><\/div> <\/div> <div  data-type=\"row\" class=\"row\" data-fixed=\"true\"> <div  class=\"col-xs-12 no-gutter-col col-md-4 col-sm-6\"> <div  class=\"contentswap-effect\" data-hover-fx=\"portfolio-4\"> <div  class=\"initial-image\"> <img decoding=\"async\"  data-size=\"542x360\" src=\"https:\/\/www.linealp.fr\/wp-content\/uploads\/2021\/05\/cropped-cropped-cropped-LINEALP-TABLEAU-ACIER-NOIR-MONTAGE-SALLE-3-LA-CLUSAZ-HAUTE-SAVOIE_1980_1-1-1.jpg\"><\/div> <div  class=\"overlay bg-color1\"><\/div> <div  class=\"swap-inner col-xs-12\"> <div  class=\"row full-height-row middle-xs middle-sm\"> <div  class=\"col-xs-12 text-center content-holder\"> <a href=\"https:\/\/www.linealp.fr?page_id=437\" target=\"_self\" rel=\"noopener\"><i  class=\"fa icon portfolio-icon fa-search big\" aria-hidden=\"true\"><\/i><\/a><\/div> <\/div><\/div> <\/div><\/div> <div  class=\"col-xs-12 no-gutter-col col-md-4 col-sm-6\"><div  class=\"contentswap-effect\" data-hover-fx=\"portfolio-4\"> <div  class=\"initial-image\"> <img decoding=\"async\"  data-size=\"542x360\" src=\"https:\/\/www.linealp.fr\/wp-content\/uploads\/2021\/05\/cropped-cropped-cropped-cropped-LINEALP-TABLEAU-ACIER-NOIR-MONTAGE-SALON-2-LA-CLUSAZ-HAUTE-SAVOIE_1980_1-1.jpg\"><\/div> <div  class=\"overlay bg-color1\"><\/div> <div  class=\"swap-inner col-xs-12\"> <div  class=\"row full-height-row middle-xs middle-sm\"> <div  class=\"col-xs-12 text-center content-holder\"> <a href=\"https:\/\/www.linealp.fr?page_id=437\" target=\"_self\" rel=\"noopener\"><i  class=\"fa icon portfolio-icon fa-search big\" aria-hidden=\"true\"><\/i><\/a><\/div> <\/div><\/div> <\/div><\/div> <div  class=\"col-xs-12 no-gutter-col col-md-4 col-sm-6\"><div  class=\"contentswap-effect\" data-hover-fx=\"portfolio-4\"> <div  class=\"initial-image\"> <img decoding=\"async\"  data-size=\"542x360\" src=\"https:\/\/www.linealp.fr\/wp-content\/uploads\/2021\/05\/cropped-cropped-cropped-LINEALP-TABLEAU-ACIER-NOIR-MONTAGE-CHAMBRE-1-carre-LA-CLUSAZ-HAUTE-SAVOIE_1980_1.jpg\"><\/div> <div  class=\"overlay bg-color1\"><\/div> <div  class=\"swap-inner col-xs-12\"> <div  class=\"row full-height-row middle-xs middle-sm\"> <div  class=\"col-xs-12 text-center content-holder\"> <a href=\"https:\/\/www.linealp.fr?page_id=437\" target=\"_self\" rel=\"noopener\"><i  class=\"fa icon portfolio-icon fa-search big\" aria-hidden=\"true\"><\/i><\/a><\/div> <\/div><\/div> <\/div><\/div>      <\/div><\/div> <\/div><div  data-label=\"Team\" data-id=\"team--1\" data-export-id=\"team-2\" data-category=\"team\" class=\"team-2 content-section content-section-spacing\" id=\"team-1\" style=\"background-color: rgb(255, 255, 255); background-image: none;\"><div  class=\"gridContainer\"> <div  class=\"row text-center\"><div  class=\"section-title-col\" data-type=\"column\"> <h2  class=\"\">Les cr\u00e9ateurs<\/h2> <p  class=\"lead\">\u00c9crire avec la lumi\u00e8re des vues extraordinaires devenant des objets de d\u00e9coration int\u00e9rieure.\n<br >\u201cUne vraie passion pour le beau li\u00e9 \u00e0 l\u2019utile\u201c.<\/p><\/div> <\/div> <div  class=\"row spaced-cols content-center-sm center-sm\" data-type=\"row\"> <div  class=\"col-sm-6 col-md-6 \"> <div  class=\"card y-move no-padding bordered\"> <img decoding=\"async\"  class=\"face\" src=\"https:\/\/www.linealp.fr\/wp-content\/uploads\/2021\/05\/cropped-cropped-AUTOPORTRAIT-Emmanuel-Cagnart-Lestudioz-Aviernoz-MG-PHOTOGRAPHIC-NOVEMBRE-2019-HD-1.jpg\" title=\"cropped-cropped-AUTOPORTRAIT-Emmanuel-Cagnart-Lestudioz-Aviernoz-MG-PHOTOGRAPHIC-NOVEMBRE-2019-HD-1.jpg\" alt=\"\"> <div  data-type=\"column\" class=\"col-padding-small col-padding-small-xs description-container\"> <h4  class=\"font-500\">Emmanuel<\/h4> <p  class=\"small\" style=\"font-style: italic;\">PHOTOGRAPHE<\/p> <div  class=\"social-icons-group\" data-type=\"group\"> <a href=\"https:\/\/www.facebook.com\/lestudiozaviernoz\" target=\"_blank\" rel=\"noopener\" class=\"\"><i  class=\"gray fa icon fa-facebook-square\"><\/i><\/a> <a href=\"#\" target=\"_self\" data-reiki-hidden=\"true\" rel=\"noopener\"><i  class=\"gray fa icon fa-linkedin\"><\/i><\/a> <a href=\"\/\/www.instagram.com\/lestudiozaviernoz\" target=\"_blank\" rel=\"noopener\" class=\"\"><i  class=\"gray fa icon fa-instagram\"><\/i><\/a> <a href=\"#\" target=\"_self\" data-reiki-hidden=\"true\" rel=\"noopener\"><i  class=\"gray fa icon fa-google-plus-square\"><\/i><\/a><\/div> <\/div><\/div> <\/div>       <div  class=\"col-sm-6 col-md-6 \"> <div  class=\"card y-move no-padding bordered\"> <img decoding=\"async\"  class=\"face\" src=\"https:\/\/www.linealp.fr\/wp-content\/uploads\/2021\/05\/cropped-cropped-cropped-PORTRAIT-GWENAELLE-BIARD-DESIGNER-GRAPHIQUE-LINEALP-HAUTE-SAVOIE-AVIERNOZ-1-1.jpg\" title=\"cropped-cropped-cropped-PORTRAIT-GWENAELLE-BIARD-DESIGNER-GRAPHIQUE-LINEALP-HAUTE-SAVOIE-AVIERNOZ-1-1.jpg\" alt=\"\"> <div  data-type=\"column\" class=\"col-padding-small col-padding-small-xs description-container\"> <h4  class=\"font-500\">Gwena\u00eblle<\/h4> <p  class=\"small\" style=\"font-style: italic;\">DESIGNER GRAPHIQUE<\/p> <div  class=\"social-icons-group\" data-type=\"group\"> <a href=\"https:\/\/www.facebook.com\/lestudiozaviernoz\" target=\"_blank\" rel=\"noopener\" class=\"\"><i  class=\"gray fa icon fa-facebook-square\"><\/i><\/a> <a href=\"#\" target=\"_self\" data-reiki-hidden=\"true\" rel=\"noopener\"><i  class=\"gray fa icon fa-twitter-square\"><\/i><\/a> <a href=\"\/\/www.instagram.com\/lestudiozaviernoz\" target=\"_blank\" rel=\"noopener\" class=\"\"><i  class=\"gray fa icon fa-instagram\"><\/i><\/a> <a href=\"#\" target=\"_self\" data-reiki-hidden=\"true\" rel=\"noopener\"><i  class=\"gray fa icon fa-google-plus-square\"><\/i><\/a><\/div> <\/div><\/div> <\/div><\/div> <\/div><\/div><div  data-label=\"Contact\" data-id=\"contact--1\" data-export-id=\"contact-1\" data-category=\"contact\" class=\"contact-1 content-section content-section-spacing white-text\" data-parallax-depth=\"20\" id=\"contact-1\" style=\"background-color: rgb(255, 255, 255); background-image: url(&quot;https:\/\/www.linealp.fr\/wp-content\/uploads\/2021\/05\/cropped-cropped-cropped-cropped-LINEALP-TABLEAU-ACIER-NOIR-MONTAGE-SALLE-4-carre-LA-CLUSAZ-HAUTE-SAVOIE_1980_1-1-1.jpg&quot;); background-size: cover; background-position: center top;\"><div  class=\"gridContainer\"> <div  class=\"row text-center\"><div  class=\"section-title-col\" data-type=\"column\">  <p  class=\"lead\">A l\u2019\u00e9coute de vos projets, contactez-nous ! <\/p><a class=\"link\" href=\"https:\/\/www.linealp.fr\/%3C\/strong%3E%20Formulaire%20de%20contact%20non%20trouv%C3%A9%C2%A0!%3C\/p%3E\" target=\"_self\" data-cp-link=\"1\" rel=\"noopener\"><\/a><\/div> <\/div> <div  class=\"row text-center\"> <div  class=\"col-xs-12 col-sm-8 col-sm-offset-2 contact-form-wrapper inline-info\"> <div  class=\"card large-padding\"> <div  class=\"\" data-content-shortcode=\"mesmerize_contact_form shortcode=&quot;contact-form-7 id=&amp;amp;quot;386&amp;amp;quot; title=&amp;amp;quot;Formulaire de contact 1&amp;amp;quot;&quot;\" data-editable=\"true\">\n<div class=\"wpcf7 no-js\" id=\"wpcf7-f386-o1\" lang=\"fr-FR\" dir=\"ltr\" data-wpcf7-id=\"386\">\n<div class=\"screen-reader-response\"><p role=\"status\" aria-live=\"polite\" aria-atomic=\"true\"><\/p> <ul><\/ul><\/div>\n<form action=\"\/index.php?rest_route=%2Fwp%2Fv2%2Fpages%2F412#wpcf7-f386-o1\" method=\"post\" class=\"wpcf7-form init\" aria-label=\"Formulaire de contact\" novalidate=\"novalidate\" data-status=\"init\">\n<fieldset class=\"hidden-fields-container\"><input type=\"hidden\" name=\"_wpcf7\" value=\"386\" \/><input type=\"hidden\" name=\"_wpcf7_version\" value=\"6.1.1\" \/><input type=\"hidden\" name=\"_wpcf7_locale\" value=\"fr_FR\" \/><input type=\"hidden\" name=\"_wpcf7_unit_tag\" value=\"wpcf7-f386-o1\" \/><input type=\"hidden\" name=\"_wpcf7_container_post\" value=\"0\" \/><input type=\"hidden\" name=\"_wpcf7_posted_data_hash\" value=\"\" \/>\n<\/fieldset>\n<p><label> Votre nom<br \/>\n<span class=\"wpcf7-form-control-wrap\" data-name=\"your-name\"><input size=\"40\" maxlength=\"400\" class=\"wpcf7-form-control wpcf7-text wpcf7-validates-as-required\" aria-required=\"true\" aria-invalid=\"false\" value=\"\" type=\"text\" name=\"your-name\" \/><\/span> <\/label>\n<\/p>\n<p><label> Votre e-mail<br \/>\n<span class=\"wpcf7-form-control-wrap\" data-name=\"your-email\"><input size=\"40\" maxlength=\"400\" class=\"wpcf7-form-control wpcf7-email wpcf7-validates-as-required wpcf7-text wpcf7-validates-as-email\" aria-required=\"true\" aria-invalid=\"false\" value=\"\" type=\"email\" name=\"your-email\" \/><\/span> <\/label>\n<\/p>\n<p><label> T\u00e9l\u00e9phone<br \/>\n<span class=\"wpcf7-form-control-wrap\" data-name=\"your-phone\"><input size=\"40\" maxlength=\"400\" class=\"wpcf7-form-control wpcf7-text wpcf7-validates-as-required\" aria-required=\"true\" aria-invalid=\"false\" value=\"\" type=\"text\" name=\"your-phone\" \/><\/span> <\/label>\n<\/p>\n<p><label> Objet<br \/>\n<span class=\"wpcf7-form-control-wrap\" data-name=\"your-subject\"><input size=\"40\" maxlength=\"400\" class=\"wpcf7-form-control wpcf7-text wpcf7-validates-as-required\" aria-required=\"true\" aria-invalid=\"false\" value=\"\" type=\"text\" name=\"your-subject\" \/><\/span> <\/label>\n<\/p>\n<p><label> Votre message<br \/>\n<span class=\"wpcf7-form-control-wrap\" data-name=\"your-message\"><textarea cols=\"40\" rows=\"10\" maxlength=\"2000\" class=\"wpcf7-form-control wpcf7-textarea\" aria-invalid=\"false\" name=\"your-message\"><\/textarea><\/span> <\/label>\n<\/p>\n<p><span class=\"wpcf7-form-control-wrap\" data-name=\"quiz-917\"><label><span class=\"wpcf7-quiz-label\">Quelle est la couleur du cheval blanc d&#039;Henri IV?<\/span> <input size=\"40\" class=\"wpcf7-form-control wpcf7-quiz\" autocomplete=\"off\" aria-required=\"true\" aria-invalid=\"false\" type=\"text\" name=\"quiz-917\" \/><\/label><input type=\"hidden\" name=\"_wpcf7_quiz_answer_quiz-917\" value=\"637445466aef89c81e45e4d7c32a5853\" \/><\/span>\n<\/p>\n<p><input class=\"wpcf7-form-control wpcf7-submit has-spinner\" type=\"submit\" value=\"Envoyer\" \/>\n<\/p><div class=\"wpcf7-response-output\" aria-hidden=\"true\"><\/div>\n<\/form>\n<\/div>\n<\/div><\/div> <\/div><\/div> <\/div><\/div>","protected":false},"excerpt":{"rendered":"<p>NOTRE HISTOIRE La marque lin\u00e9alp\u00a9 est n\u00e9e de cette envie de mettre en valeur les merveilleux paysages de la Haute-Savoiela suite\u2026 PARTENAIRES LOCAUX Dessin\u00e9 et fabriqu\u00e9 en Haute-Savoie, les partenaires professionnels de lin\u00e9alp\u00a9 sont attach\u00e9s \u00e0 la qualit\u00e9 et au rayonnement de la fabrication fran\u00e7aise. Nos partenaires de d\u00e9coupe, de bois et de bandeaux led&hellip; <br \/> <a class=\"read-more\" href=\"https:\/\/www.linealp.fr\/\">Lire la suite<\/a><\/p>\n","protected":false},"author":1,"featured_media":0,"parent":0,"menu_order":0,"comment_status":"closed","ping_status":"closed","template":"page-templates\/homepage.php","meta":{"footnotes":""},"class_list":["post-412","page","type-page","status-publish","hentry"],"_links":{"self":[{"href":"https:\/\/www.linealp.fr\/index.php?rest_route=\/wp\/v2\/pages\/412","targetHints":{"allow":["GET"]}}],"collection":[{"href":"https:\/\/www.linealp.fr\/index.php?rest_route=\/wp\/v2\/pages"}],"about":[{"href":"https:\/\/www.linealp.fr\/index.php?rest_route=\/wp\/v2\/types\/page"}],"author":[{"embeddable":true,"href":"https:\/\/www.linealp.fr\/index.php?rest_route=\/wp\/v2\/users\/1"}],"replies":[{"embeddable":true,"href":"https:\/\/www.linealp.fr\/index.php?rest_route=%2Fwp%2Fv2%2Fcomments&post=412"}],"version-history":[{"count":34,"href":"https:\/\/www.linealp.fr\/index.php?rest_route=\/wp\/v2\/pages\/412\/revisions"}],"predecessor-version":[{"id":648,"href":"https:\/\/www.linealp.fr\/index.php?rest_route=\/wp\/v2\/pages\/412\/revisions\/648"}],"wp:attachment":[{"href":"https:\/\/www.linealp.fr\/index.php?rest_route=%2Fwp%2Fv2%2Fmedia&parent=412"}],"curies":[{"name":"wp","href":"https:\/\/api.w.org\/{rel}","templated":true}]}}